{"id":2,"date":"2025-01-06T13:45:48","date_gmt":"2025-01-06T12:45:48","guid":{"rendered":"http:\/\/clostrategies.com\/?page_id=2"},"modified":"2025-02-28T19:53:55","modified_gmt":"2025-02-28T18:53:55","slug":"page-d-exemple","status":"publish","type":"page","link":"https:\/\/clostrategies.com\/","title":{"rendered":"CLOS, votre alli\u00e9 pour vos projets !"},"content":{"rendered":"\n<p class=\"has-text-color has-link-color wp-elements-3fe66c7770992fbc2f1d3ef6274134fb\" style=\"color:#074157\">Tout a pris origine dans une id\u00e9e, dans un d\u00e9sir profond d&rsquo;assister les TPE-PME, les auto-entrepreneurs et les inspirateurs de projets .<\/p>\n\n\n\n<figure class=\"wp-block-image aligncenter size-full is-resized\"><img loading=\"lazy\" decoding=\"async\" width=\"640\" height=\"360\" src=\"https:\/\/clostrategies.com\/wp-content\/uploads\/2025\/02\/KPI-1-edited-2.png\" alt=\"\" class=\"wp-image-209\" style=\"width:530px\" srcset=\"https:\/\/clostrategies.com\/wp-content\/uploads\/2025\/02\/KPI-1-edited-2.png 640w, https:\/\/clostrategies.com\/wp-content\/uploads\/2025\/02\/KPI-1-edited-2-300x169.png 300w\" sizes=\"auto, (max-width: 640px) 100vw, 640px\" \/><\/figure>\n\n\n\n<p class=\"has-text-color has-link-color wp-elements-5e0317ab63a4241600b5e2fc162c7214\" style=\"color:#074157\">Ce projet repr\u00e9sente l&rsquo;aboutissement d&rsquo;une \u00e9tape de maturit\u00e9 dans ma carri\u00e8re, marquant un renouveau et offrant la possibilit\u00e9 \u00e0 tous les travailleurs ind\u00e9pendants, cr\u00e9ateurs, g\u00e9rants de soci\u00e9t\u00e9, PDG et futurs entrepreneurs d&rsquo;acc\u00e9der \u00e0 des conseils de qualit\u00e9 sans recourir aux services des grandes entreprises de conseil telles que McKinsey, ou celles bas\u00e9es \u00e0 Monaco et dans les Alpes-Maritimes qui sont souvent tr\u00e8s on\u00e9reuses et trop abouties. Gr\u00e2ce \u00e0 mon expertise, mon parcours professionnel et mes \u00e9tudes sup\u00e9rieures, mes comp\u00e9tences en strat\u00e9gie peuvent d\u00e9sormais \u00eatre mises \u00e0 la disposition de tous pour aider les entrepreneurs \u00e0 d\u00e9finir leurs objectifs, \u00e0 d\u00e9velopper leurs march\u00e9s et \u00e0 progresser de mani\u00e8re plus sereine.<\/p>\n\n\n\n<figure class=\"wp-block-image aligncenter size-full is-resized\"><img loading=\"lazy\" decoding=\"async\" width=\"733\" height=\"412\" src=\"https:\/\/clostrategies.com\/wp-content\/uploads\/2025\/02\/entrepreneurspositiongagnants-edited.png\" alt=\"\" class=\"wp-image-200\" style=\"width:530px\" srcset=\"https:\/\/clostrategies.com\/wp-content\/uploads\/2025\/02\/entrepreneurspositiongagnants-edited.png 733w, https:\/\/clostrategies.com\/wp-content\/uploads\/2025\/02\/entrepreneurspositiongagnants-edited-300x169.png 300w\" sizes=\"auto, (max-width: 733px) 100vw, 733px\" \/><\/figure>\n\n\n\n<p class=\"has-text-color has-link-color wp-elements-41a8538cdc50ce69736fe807d7365b2e\" style=\"color:#074157\">En offrant des services personnalis\u00e9s et accessibles, je souhaite cr\u00e9er un environnement o\u00f9 chaque individu, entreprise, entrepreneur se sent soutenu et valoris\u00e9. Mon approche se veut humaine et proche des r\u00e9alit\u00e9s du terrain, loin des solutions standardis\u00e9es souvent propos\u00e9es par les grands cabinets.<\/p>\n\n\n\n<p class=\"has-text-color has-link-color wp-elements-46c8f2912967430c28302a65b8e0a05b\" style=\"color:#074157\">L&rsquo;accompagnement que je propose ne se limite pas aux conseils strat\u00e9giques. Il inclut \u00e9galement des formations, des ateliers pratiques et un suivi r\u00e9gulier pour s&rsquo;assurer que chaque projet \u00e9volue dans la bonne direction. Je crois fermement que chaque personne, entreprise, quelle que soit sa taille, m\u00e9rite une chance \u00e9quitable de r\u00e9ussir, de prosp\u00e9rer et d&rsquo;avancer dans ses projets.<\/p>\n\n\n\n<p class=\"has-text-color has-link-color wp-elements-f93155e271dd317b2129d5cbb5721c66\" style=\"color:#074157\">Ensemble, nous pourrons surmonter les d\u00e9fis, c\u00e9l\u00e9brer les succ\u00e8s et b\u00e2tir des projets solides et durables. Mon engagement est de faire de votre id\u00e9e, une r\u00e9ussite, en mettant \u00e0 votre disposition toutes les ressources n\u00e9cessaires pour atteindre vos ambitions.<\/p>\n\n\n\n<figure class=\"wp-block-image aligncenter size-full is-resized\"><img loading=\"lazy\" decoding=\"async\" width=\"640\" height=\"360\" src=\"https:\/\/clostrategies.com\/wp-content\/uploads\/2025\/02\/serragedemain-edited.png\" alt=\"\" class=\"wp-image-202\" style=\"width:530px;height:auto\" srcset=\"https:\/\/clostrategies.com\/wp-content\/uploads\/2025\/02\/serragedemain-edited.png 640w, https:\/\/clostrategies.com\/wp-content\/uploads\/2025\/02\/serragedemain-edited-300x169.png 300w\" sizes=\"auto, (max-width: 640px) 100vw, 640px\" \/><\/figure>\n\n\n\n<p class=\"has-text-color has-link-color wp-elements-0b98dfc8f1dc42eec4c4c538ecc376a9\" style=\"color:#074157\">Rejoignez-moi dans cette aventure et permettons \u00e0 vos id\u00e9es de prendre vie. Ensemble, faisons en sorte que chaque r\u00eave,  entrepreneurial ou individuel devienne une r\u00e9alit\u00e9 tangible et florissante.<\/p>\n\n\n\n<figure class=\"wp-block-image aligncenter size-full is-resized\"><img loading=\"lazy\" decoding=\"async\" width=\"640\" height=\"360\" src=\"https:\/\/clostrategies.com\/wp-content\/uploads\/2025\/02\/victoire-edited.png\" alt=\"\" class=\"wp-image-204\" style=\"width:530px\" srcset=\"https:\/\/clostrategies.com\/wp-content\/uploads\/2025\/02\/victoire-edited.png 640w, https:\/\/clostrategies.com\/wp-content\/uploads\/2025\/02\/victoire-edited-300x169.png 300w\" sizes=\"auto, (max-width: 640px) 100vw, 640px\" \/><\/figure>\n\n\n\n<blockquote class=\"wp-block-quote is-layout-flow wp-block-quote-is-layout-flow\">\n<p class=\"has-text-color has-link-color wp-elements-944f8737cb8790d36ba76e04551e30f6\" style=\"color:#074157\">Cette entreprise repr\u00e9sente \u00e9galement un d\u00e9sir personnel, celui de se sentir utile et de contribuer \u00e0 l&rsquo;\u00e9dification des projets de chacun, entrepreneuriaux ou pas , tout en apportant une aide \u00e0 la soci\u00e9t\u00e9 dans son ensemble..<\/p>\n\n\n\n<p class=\"has-text-color has-link-color wp-elements-b12614001237c89fac1d7e2f44301311\" style=\"color:#074157\">Mathilde Clos<\/p>\n<\/blockquote>\n\n\n\n<p><\/p>\n","protected":false},"excerpt":{"rendered":"<p>Tout a pris origine dans une id\u00e9e, dans un d\u00e9sir profond d&rsquo;assister les TPE-PME, les auto-entrepreneurs et les inspirateurs de [&hellip;]<\/p>\n","protected":false},"author":1,"featured_media":0,"parent":0,"menu_order":0,"comment_status":"closed","ping_status":"open","template":"","meta":{"site-sidebar-layout":"default","site-content-layout":"","ast-site-content-layout":"","site-content-style":"default","site-sidebar-style":"default","ast-global-header-display":"","ast-banner-title-visibility":"","ast-main-header-display":"","ast-hfb-above-header-display":"","ast-hfb-below-header-display":"","ast-hfb-mobile-header-display":"","site-post-title":"","ast-breadcrumbs-content":"","ast-featured-img":"","footer-sml-layout":"","theme-transparent-header-meta":"","adv-header-id-meta":"","stick-header-meta":"","header-above-stick-meta":"","header-main-stick-meta":"","header-below-stick-meta":"","astra-migrate-meta-layouts":"default","ast-page-background-enabled":"default","ast-page-background-meta":{"desktop":{"background-color":"var(--ast-global-color-5)","background-image":"","background-repeat":"repeat","background-position":"center center","background-size":"auto","background-attachment":"scroll","background-type":"","background-media":"","overlay-type":"","overlay-color":"","overlay-opacity":"","overlay-gradient":""},"tablet":{"background-color":"","background-image":"","background-repeat":"repeat","background-position":"center center","background-size":"auto","background-attachment":"scroll","background-type":"","background-media":"","overlay-type":"","overlay-color":"","overlay-opacity":"","overlay-gradient":""},"mobile":{"background-color":"","background-image":"","background-repeat":"repeat","background-position":"center center","background-size":"auto","background-attachment":"scroll","background-type":"","background-media":"","overlay-type":"","overlay-color":"","overlay-opacity":"","overlay-gradient":""}},"ast-content-background-meta":{"desktop":{"background-color":"var(--ast-global-color-4)","background-image":"","background-repeat":"repeat","background-position":"center center","background-size":"auto","background-attachment":"scroll","background-type":"","background-media":"","overlay-type":"","overlay-color":"","overlay-opacity":"","overlay-gradient":""},"tablet":{"background-color":"var(--ast-global-color-4)","background-image":"","background-repeat":"repeat","background-position":"center center","background-size":"auto","background-attachment":"scroll","background-type":"","background-media":"","overlay-type":"","overlay-color":"","overlay-opacity":"","overlay-gradient":""},"mobile":{"background-color":"var(--ast-global-color-4)","background-image":"","background-repeat":"repeat","background-position":"center center","background-size":"auto","background-attachment":"scroll","background-type":"","background-media":"","overlay-type":"","overlay-color":"","overlay-opacity":"","overlay-gradient":""}},"footnotes":""},"class_list":["post-2","page","type-page","status-publish","hentry"],"_links":{"self":[{"href":"https:\/\/clostrategies.com\/index.php\/wp-json\/wp\/v2\/pages\/2","targetHints":{"allow":["GET"]}}],"collection":[{"href":"https:\/\/clostrategies.com\/index.php\/wp-json\/wp\/v2\/pages"}],"about":[{"href":"https:\/\/clostrategies.com\/index.php\/wp-json\/wp\/v2\/types\/page"}],"author":[{"embeddable":true,"href":"https:\/\/clostrategies.com\/index.php\/wp-json\/wp\/v2\/users\/1"}],"replies":[{"embeddable":true,"href":"https:\/\/clostrategies.com\/index.php\/wp-json\/wp\/v2\/comments?post=2"}],"version-history":[{"count":22,"href":"https:\/\/clostrategies.com\/index.php\/wp-json\/wp\/v2\/pages\/2\/revisions"}],"predecessor-version":[{"id":210,"href":"https:\/\/clostrategies.com\/index.php\/wp-json\/wp\/v2\/pages\/2\/revisions\/210"}],"wp:attachment":[{"href":"https:\/\/clostrategies.com\/index.php\/wp-json\/wp\/v2\/media?parent=2"}],"curies":[{"name":"wp","href":"https:\/\/api.w.org\/{rel}","templated":true}]}}