{"id":166,"date":"2025-02-28T18:41:42","date_gmt":"2025-02-28T17:41:42","guid":{"rendered":"https:\/\/clostrategies.com\/?page_id=166"},"modified":"2025-06-10T10:28:39","modified_gmt":"2025-06-10T08:28:39","slug":"evenements","status":"publish","type":"page","link":"https:\/\/clostrategies.com\/index.php\/evenements\/","title":{"rendered":"Ev\u00e9nements"},"content":{"rendered":"\n<figure class=\"wp-block-image size-large\"><img loading=\"lazy\" decoding=\"async\" width=\"1024\" height=\"1024\" src=\"https:\/\/clostrategies.com\/wp-content\/uploads\/2025\/06\/Networking-ENTREPRENEURS-CLOS-062025-1024x1024.png\" alt=\"\" class=\"wp-image-231\" srcset=\"https:\/\/clostrategies.com\/wp-content\/uploads\/2025\/06\/Networking-ENTREPRENEURS-CLOS-062025-1024x1024.png 1024w, https:\/\/clostrategies.com\/wp-content\/uploads\/2025\/06\/Networking-ENTREPRENEURS-CLOS-062025-300x300.png 300w, https:\/\/clostrategies.com\/wp-content\/uploads\/2025\/06\/Networking-ENTREPRENEURS-CLOS-062025-150x150.png 150w, https:\/\/clostrategies.com\/wp-content\/uploads\/2025\/06\/Networking-ENTREPRENEURS-CLOS-062025-768x768.png 768w, https:\/\/clostrategies.com\/wp-content\/uploads\/2025\/06\/Networking-ENTREPRENEURS-CLOS-062025.png 1080w\" sizes=\"auto, (max-width: 1024px) 100vw, 1024px\" \/><\/figure>\n\n\n\n<p>Vous avez montr\u00e9 votre int\u00e9r\u00eat \u00e0 l&rsquo;une de nos pr\u00e9c\u00e9dentes soir\u00e9es networking, et si on remettait \u00e7a ? \ud83d\ude0a<\/p>\n\n\n\n<p>Nous vous proposons  une nouvelle soir\u00e9e le <strong>jeudi 19 juin \u00e0 18h30<\/strong>, toujours dans le m\u00eame esprit :<br>\ud83d\udc49 Des rencontres locales<br>\ud83d\udc49 Des \u00e9changes sinc\u00e8res<br>\ud83d\udc49 Et de belles opportunit\u00e9s \u00e0 la cl\u00e9, le tout dans une ambiance conviviale !<\/p>\n\n\n\n<p>\ud83d\udccd Le lieu exact vous sera communiqu\u00e9 par email quelques  jours avant l&rsquo;\u00e9v\u00e9nement.<br>\ud83d\udcb8 L&rsquo;\u00e9v\u00e9nement est <strong>gratuit<\/strong> \u2013 seules vos consommations sur place sont \u00e0 r\u00e9gler.<br>\u23f3 Les places sont limit\u00e9es, donc pensez \u00e0 r\u00e9server rapidement.<\/p>\n\n\n\n<p>\ud83d\udca1 <strong>Et petite nouveaut\u00e9 !<\/strong><br>Nous r\u00e9fl\u00e9chissons \u00e0 int\u00e9grer un <strong>mini atelier de 20 minutes<\/strong> pendant la soir\u00e9e, pour apporter encore plus de valeur, sans perdre notre ambiance d\u00e9contract\u00e9e.<\/p>\n\n\n\n<p>\ud83d\udc49 <strong>Quel sujet vous plairait le plus ?<\/strong><\/p>\n\n\n\n<p>1\ufe0f\u20e3 <em>Pitcher son activit\u00e9 avec impact<\/em> \u2013 Comment se pr\u00e9senter efficacement en 1 minute<br>2\ufe0f\u20e3 <em>Gagner en clart\u00e9 sur son offre<\/em> \u2013 Structurer son message pour qu\u2019il parle \u00e0 ses clients<br>3\ufe0f\u20e3 <em>Oser parler de ses tarifs avec aisance<\/em> \u2013 Trouver les bons mots pour valoriser son travail<\/p>\n\n\n\n<p>N\u2019h\u00e9sitez pas \u00e0 nous dire celui qui vous attire le plus quand vous vous inscrivez (il suffit de nous confirmer par email : mathilde@clostrategies.com ) ! \ud83d\ude0a<\/p>\n\n\n\n<p>Nous serons ravisde vous y retrouver, et surtout : n\u2019h\u00e9sitez pas \u00e0 faire suivre ce message \u00e0 d&rsquo;autres entrepreneurs du secteur !<\/p>\n\n\n\n<figure class=\"wp-block-image size-large is-resized\"><img loading=\"lazy\" decoding=\"async\" width=\"1024\" height=\"1024\" src=\"https:\/\/clostrategies.com\/wp-content\/uploads\/2025\/02\/Networking-ENTREPRENEURS-CLOS-1024x1024.png\" alt=\"\" class=\"wp-image-170\" style=\"width:840px;height:auto\" srcset=\"https:\/\/clostrategies.com\/wp-content\/uploads\/2025\/02\/Networking-ENTREPRENEURS-CLOS-1024x1024.png 1024w, https:\/\/clostrategies.com\/wp-content\/uploads\/2025\/02\/Networking-ENTREPRENEURS-CLOS-300x300.png 300w, https:\/\/clostrategies.com\/wp-content\/uploads\/2025\/02\/Networking-ENTREPRENEURS-CLOS-150x150.png 150w, https:\/\/clostrategies.com\/wp-content\/uploads\/2025\/02\/Networking-ENTREPRENEURS-CLOS-768x768.png 768w, https:\/\/clostrategies.com\/wp-content\/uploads\/2025\/02\/Networking-ENTREPRENEURS-CLOS.png 1080w\" sizes=\"auto, (max-width: 1024px) 100vw, 1024px\" \/><\/figure>\n\n\n\n<h4 class=\"wp-block-heading\"><img loading=\"lazy\" decoding=\"async\" height=\"16\" width=\"16\" src=\"https:\/\/static.xx.fbcdn.net\/images\/emoji.php\/v9\/tc6\/1\/16\/1f680.png\" alt=\"\ud83d\ude80\"> Entrepreneurs du Pays de Grasse et du Haut Pays de Grasse, cet \u00e9v\u00e9nement est pour vous ! <\/h4>\n\n\n\n<div style=\"height:20px\" aria-hidden=\"true\" class=\"wp-block-spacer\"><\/div>\n\n\n\n<p>Vous \u00eates entrepreneur(e) et souhaitez d\u00e9velopper votre r\u00e9seau dans une ambiance conviviale ? <\/p>\n\n\n\n<p>Rejoignez-nous pour une soir\u00e9e de networking o\u00f9 \u00e9changes et opportunit\u00e9s seront au rendez-vous !<\/p>\n\n\n\n<div style=\"height:20px\" aria-hidden=\"true\" class=\"wp-block-spacer\"><\/div>\n\n\n\n<p><img loading=\"lazy\" decoding=\"async\" height=\"16\" width=\"16\" src=\"https:\/\/static.xx.fbcdn.net\/images\/emoji.php\/v9\/t7e\/1\/16\/1f4c5.png\" alt=\"\ud83d\udcc5\"> Date : Jeudi 24 avril 2025<\/p>\n\n\n\n<p><img loading=\"lazy\" decoding=\"async\" height=\"16\" width=\"16\" src=\"https:\/\/static.xx.fbcdn.net\/images\/emoji.php\/v9\/tc8\/1\/16\/1f561.png\" alt=\"\ud83d\udd61\"> Heure : 18h30 &#8211; 21h30 <\/p>\n\n\n\n<p><img loading=\"lazy\" decoding=\"async\" height=\"16\" width=\"16\" src=\"https:\/\/static.xx.fbcdn.net\/images\/emoji.php\/v9\/tb3\/1\/16\/1f517.png\" alt=\"\ud83d\udd17\"> Pourquoi participer ? <\/p>\n\n\n\n<p><img loading=\"lazy\" decoding=\"async\" height=\"16\" width=\"16\" src=\"https:\/\/static.xx.fbcdn.net\/images\/emoji.php\/v9\/t51\/1\/16\/2714.png\" alt=\"\u2714\ufe0f\"> Un \u00e9v\u00e9nement gratuit, seule votre consommation sur place sera \u00e0 r\u00e9gler <\/p>\n\n\n\n<p><img loading=\"lazy\" decoding=\"async\" height=\"16\" width=\"16\" src=\"https:\/\/static.xx.fbcdn.net\/images\/emoji.php\/v9\/t51\/1\/16\/2714.png\" alt=\"\u2714\ufe0f\"> Rencontrez d\u2019autres entrepreneurs locaux <\/p>\n\n\n\n<p><img loading=\"lazy\" decoding=\"async\" height=\"16\" width=\"16\" src=\"https:\/\/static.xx.fbcdn.net\/images\/emoji.php\/v9\/t51\/1\/16\/2714.png\" alt=\"\u2714\ufe0f\"> \u00c9changez sur vos projets et challenges<\/p>\n\n\n\n<p><img loading=\"lazy\" decoding=\"async\" height=\"16\" width=\"16\" src=\"https:\/\/static.xx.fbcdn.net\/images\/emoji.php\/v9\/t51\/1\/16\/2714.png\" alt=\"\u2714\ufe0f\"> D\u00e9veloppez des opportunit\u00e9s d\u2019affaires <\/p>\n\n\n\n<p><img loading=\"lazy\" decoding=\"async\" height=\"16\" width=\"16\" src=\"https:\/\/static.xx.fbcdn.net\/images\/emoji.php\/v9\/t51\/1\/16\/2714.png\" alt=\"\u2714\ufe0f\"> Passez un moment enrichissant dans un cadre chaleureux<\/p>\n\n\n\n<p><img loading=\"lazy\" decoding=\"async\" height=\"16\" width=\"16\" src=\"https:\/\/static.xx.fbcdn.net\/images\/emoji.php\/v9\/td8\/1\/16\/1f39f.png\" alt=\"\ud83c\udf9f\"> Inscription obligatoire par email : <img loading=\"lazy\" decoding=\"async\" height=\"16\" width=\"16\" src=\"https:\/\/static.xx.fbcdn.net\/images\/emoji.php\/v9\/tc0\/1\/16\/1f4e9.png\" alt=\"\ud83d\udce9\"> mathilde@clostrategies.com <\/p>\n\n\n\n<p>Merci d\u2019indiquer : Nom, pr\u00e9nom, raison sociale, email et t\u00e9l\u00e9phone.<\/p>\n\n\n\n<figure class=\"wp-block-image size-large\"><img loading=\"lazy\" decoding=\"async\" width=\"1024\" height=\"1024\" src=\"https:\/\/clostrategies.com\/wp-content\/uploads\/2025\/04\/NetworkingGOLFSAINTDONAT-ENTREPRENEURS-CLOS-1024x1024.png\" alt=\"\" class=\"wp-image-225\" srcset=\"https:\/\/clostrategies.com\/wp-content\/uploads\/2025\/04\/NetworkingGOLFSAINTDONAT-ENTREPRENEURS-CLOS-1024x1024.png 1024w, https:\/\/clostrategies.com\/wp-content\/uploads\/2025\/04\/NetworkingGOLFSAINTDONAT-ENTREPRENEURS-CLOS-300x300.png 300w, https:\/\/clostrategies.com\/wp-content\/uploads\/2025\/04\/NetworkingGOLFSAINTDONAT-ENTREPRENEURS-CLOS-150x150.png 150w, https:\/\/clostrategies.com\/wp-content\/uploads\/2025\/04\/NetworkingGOLFSAINTDONAT-ENTREPRENEURS-CLOS-768x768.png 768w, https:\/\/clostrategies.com\/wp-content\/uploads\/2025\/04\/NetworkingGOLFSAINTDONAT-ENTREPRENEURS-CLOS.png 1080w\" sizes=\"auto, (max-width: 1024px) 100vw, 1024px\" \/><\/figure>\n\n\n\n<p><img loading=\"lazy\" decoding=\"async\" height=\"16\" width=\"16\" alt=\"\u2728\" src=\"https:\/\/static.xx.fbcdn.net\/images\/emoji.php\/v9\/tf4\/1\/16\/2728.png\"> Soir\u00e9e Networking Business \u2013 Le lieu r\u00e9v\u00e9l\u00e9 ! <img loading=\"lazy\" decoding=\"async\" height=\"16\" width=\"16\" alt=\"\u2728\" src=\"https:\/\/static.xx.fbcdn.net\/images\/emoji.php\/v9\/tf4\/1\/16\/2728.png\"><\/p>\n\n\n\n<p><img loading=\"lazy\" decoding=\"async\" height=\"16\" width=\"16\" alt=\"\ud83d\udccd\" src=\"https:\/\/static.xx.fbcdn.net\/images\/emoji.php\/v9\/t2d\/1\/16\/1f4cd.png\"> C\u2019est officiel !<\/p>\n\n\n\n<p>On se retrouve dans un lieu raffin\u00e9 et inspirant :<\/p>\n\n\n\n<p>le Golf de Saint-Donat \u00e0 Grasse <img loading=\"lazy\" decoding=\"async\" height=\"16\" width=\"16\" alt=\"\ud83c\udfcc\ufe0f\u200d\u2642\ufe0f\" src=\"https:\/\/static.xx.fbcdn.net\/images\/emoji.php\/v9\/tdb\/1\/16\/1f3cc_200d_2642.png\"><img loading=\"lazy\" decoding=\"async\" height=\"16\" width=\"16\" alt=\"\ud83c\udf3f\" src=\"https:\/\/static.xx.fbcdn.net\/images\/emoji.php\/v9\/t1e\/1\/16\/1f33f.png\"><\/p>\n\n\n\n<p><img loading=\"lazy\" decoding=\"async\" height=\"16\" width=\"16\" alt=\"\ud83d\uddd3\ufe0f\" src=\"https:\/\/static.xx.fbcdn.net\/images\/emoji.php\/v9\/t5c\/1\/16\/1f5d3.png\"> Jeudi 24 avril \u00e0 18h30<\/p>\n\n\n\n<p><img loading=\"lazy\" decoding=\"async\" height=\"16\" width=\"16\" alt=\"\ud83e\udd1d\" src=\"https:\/\/static.xx.fbcdn.net\/images\/emoji.php\/v9\/t64\/1\/16\/1f91d.png\"> Un moment unique pour \u00e9largir ton r\u00e9seau, cr\u00e9er des synergies et rencontrer les acteurs du haut-pays grassois.<\/p>\n\n\n\n<p><img loading=\"lazy\" decoding=\"async\" height=\"16\" width=\"16\" alt=\"\ud83c\udf77\" src=\"https:\/\/static.xx.fbcdn.net\/images\/emoji.php\/v9\/teb\/1\/16\/1f377.png\"> Ambiance conviviale, ap\u00e9ro pro, rencontres de qualit\u00e9.<\/p>\n\n\n\n<p><img loading=\"lazy\" decoding=\"async\" height=\"16\" width=\"16\" alt=\"\ud83d\udea8\" src=\"https:\/\/static.xx.fbcdn.net\/images\/emoji.php\/v9\/t45\/1\/16\/1f6a8.png\"> Seulement 3 places restantes !<\/p>\n\n\n\n<p><img loading=\"lazy\" decoding=\"async\" height=\"16\" width=\"16\" alt=\"\ud83d\udc8c\" src=\"https:\/\/static.xx.fbcdn.net\/images\/emoji.php\/v9\/tf7\/1\/16\/1f48c.png\"> Inscription obligatoire pour recevoir ton invitation personnalis\u00e9e (nom, pr\u00e9nom, activit\u00e9, entreprise)<\/p>\n\n\n\n<p><img loading=\"lazy\" decoding=\"async\" height=\"16\" width=\"16\" alt=\"\ud83d\udce7\" src=\"https:\/\/static.xx.fbcdn.net\/images\/emoji.php\/v9\/tbe\/1\/16\/1f4e7.png\"> mathilde@clostrategies.com<\/p>\n\n\n\n<p><img loading=\"lazy\" decoding=\"async\" height=\"16\" width=\"16\" src=\"https:\/\/static.xx.fbcdn.net\/images\/emoji.php\/v9\/tb0\/1\/16\/1f3af.png\" alt=\"\ud83c\udfaf\"> Un networking qui a du sens. Vous venez ? <\/p>\n","protected":false},"excerpt":{"rendered":"<p>Vous avez montr\u00e9 votre int\u00e9r\u00eat \u00e0 l&rsquo;une de nos pr\u00e9c\u00e9dentes soir\u00e9es networking, et si on remettait \u00e7a ? \ud83d\ude0a Nous [&hellip;]<\/p>\n","protected":false},"author":1,"featured_media":0,"parent":0,"menu_order":0,"comment_status":"closed","ping_status":"closed","template":"","meta":{"site-sidebar-layout":"default","site-content-layout":"","ast-site-content-layout":"","site-content-style":"default","site-sidebar-style":"default","ast-global-header-display":"","ast-banner-title-visibility":"","ast-main-header-display":"","ast-hfb-above-header-display":"","ast-hfb-below-header-display":"","ast-hfb-mobile-header-display":"","site-post-title":"","ast-breadcrumbs-content":"","ast-featured-img":"","footer-sml-layout":"","theme-transparent-header-meta":"","adv-header-id-meta":"","stick-header-meta":"","header-above-stick-meta":"","header-main-stick-meta":"","header-below-stick-meta":"","astra-migrate-meta-layouts":"default","ast-page-background-enabled":"default","ast-page-background-meta":{"desktop":{"background-color":"var(--ast-global-color-5)","background-image":"","background-repeat":"repeat","background-position":"center center","background-size":"auto","background-attachment":"scroll","background-type":"","background-media":"","overlay-type":"","overlay-color":"","overlay-opacity":"","overlay-gradient":""},"tablet":{"background-color":"","background-image":"","background-repeat":"repeat","background-position":"center center","background-size":"auto","background-attachment":"scroll","background-type":"","background-media":"","overlay-type":"","overlay-color":"","overlay-opacity":"","overlay-gradient":""},"mobile":{"background-color":"","background-image":"","background-repeat":"repeat","background-position":"center center","background-size":"auto","background-attachment":"scroll","background-type":"","background-media":"","overlay-type":"","overlay-color":"","overlay-opacity":"","overlay-gradient":""}},"ast-content-background-meta":{"desktop":{"background-color":"var(--ast-global-color-4)","background-image":"","background-repeat":"repeat","background-position":"center center","background-size":"auto","background-attachment":"scroll","background-type":"","background-media":"","overlay-type":"","overlay-color":"","overlay-opacity":"","overlay-gradient":""},"tablet":{"background-color":"var(--ast-global-color-4)","background-image":"","background-repeat":"repeat","background-position":"center center","background-size":"auto","background-attachment":"scroll","background-type":"","background-media":"","overlay-type":"","overlay-color":"","overlay-opacity":"","overlay-gradient":""},"mobile":{"background-color":"var(--ast-global-color-4)","background-image":"","background-repeat":"repeat","background-position":"center center","background-size":"auto","background-attachment":"scroll","background-type":"","background-media":"","overlay-type":"","overlay-color":"","overlay-opacity":"","overlay-gradient":""}},"footnotes":""},"class_list":["post-166","page","type-page","status-publish","hentry"],"_links":{"self":[{"href":"https:\/\/clostrategies.com\/index.php\/wp-json\/wp\/v2\/pages\/166","targetHints":{"allow":["GET"]}}],"collection":[{"href":"https:\/\/clostrategies.com\/index.php\/wp-json\/wp\/v2\/pages"}],"about":[{"href":"https:\/\/clostrategies.com\/index.php\/wp-json\/wp\/v2\/types\/page"}],"author":[{"embeddable":true,"href":"https:\/\/clostrategies.com\/index.php\/wp-json\/wp\/v2\/users\/1"}],"replies":[{"embeddable":true,"href":"https:\/\/clostrategies.com\/index.php\/wp-json\/wp\/v2\/comments?post=166"}],"version-history":[{"count":12,"href":"https:\/\/clostrategies.com\/index.php\/wp-json\/wp\/v2\/pages\/166\/revisions"}],"predecessor-version":[{"id":233,"href":"https:\/\/clostrategies.com\/index.php\/wp-json\/wp\/v2\/pages\/166\/revisions\/233"}],"wp:attachment":[{"href":"https:\/\/clostrategies.com\/index.php\/wp-json\/wp\/v2\/media?parent=166"}],"curies":[{"name":"wp","href":"https:\/\/api.w.org\/{rel}","templated":true}]}}