{"id":114,"date":"2025-01-10T22:55:23","date_gmt":"2025-01-10T21:55:23","guid":{"rendered":"https:\/\/clostrategies.com\/?page_id=114"},"modified":"2025-01-14T19:00:37","modified_gmt":"2025-01-14T18:00:37","slug":"developpement-de-projets","status":"publish","type":"page","link":"https:\/\/clostrategies.com\/index.php\/developpement-de-projets\/","title":{"rendered":"D\u00e9veloppement de projets : transformer vos id\u00e9es en succ\u00e8s concrets"},"content":{"rendered":"\n<p>Chaque projet est une opportunit\u00e9 unique de cr\u00e9er de la valeur, d\u2019innover et de faire avancer votre organisation. Mais pour atteindre vos objectifs, il est essentiel de transformer vos id\u00e9es en plans d\u2019action structur\u00e9s et r\u00e9alisables. Nous vous accompagnons dans toutes les \u00e9tapes du d\u00e9veloppement de vos projets, en mettant \u00e0 votre service notre expertise et notre capacit\u00e9 \u00e0 f\u00e9d\u00e9rer autour d\u2019une vision claire.<\/p>\n\n\n\n<p><strong>Nos engagements pour le d\u00e9veloppement de vos projets<\/strong> :<\/p>\n\n\n\n<ul class=\"wp-block-list\">\n<li><strong>Id\u00e9ation et cadrage<\/strong> : Explorer vos id\u00e9es, d\u00e9finir les objectifs et clarifier la port\u00e9e du projet pour qu\u2019il s\u2019inscrive dans votre strat\u00e9gie globale.<\/li>\n\n\n\n<li><strong>Planification strat\u00e9gique<\/strong> : \u00c9tablir un plan d\u2019action pr\u00e9cis, des jalons clairs et des indicateurs de performance pour suivre efficacement l\u2019avancement.<\/li>\n\n\n\n<li><strong>Gestion des parties prenantes<\/strong> : Identifier et mobiliser les acteurs cl\u00e9s, internes et externes, pour garantir l\u2019adh\u00e9sion et la r\u00e9ussite du projet.<\/li>\n\n\n\n<li><strong>Ressources et financement<\/strong> : Optimiser l\u2019allocation des ressources n\u00e9cessaires (humaines, mat\u00e9rielles, financi\u00e8res) et vous accompagner dans la recherche de financements si besoin.<\/li>\n\n\n\n<li><strong>Ex\u00e9cution et suivi<\/strong> : Mettre en place des outils et des processus pour garantir le respect des d\u00e9lais, du budget et des objectifs.<\/li>\n\n\n\n<li><strong>Analyse post-projet<\/strong> : \u00c9valuer les r\u00e9sultats obtenus, tirer les enseignements et pr\u00e9parer la suite pour une am\u00e9lioration continue.<\/li>\n<\/ul>\n\n\n\n<p><strong>Notre approche<\/strong> repose sur l\u2019\u00e9coute, l\u2019innovation et la personnalisation. Chaque projet est con\u00e7u pour r\u00e9pondre aux besoins sp\u00e9cifiques de votre organisation, avec une attention particuli\u00e8re port\u00e9e \u00e0 la durabilit\u00e9, \u00e0 l\u2019impact et \u00e0 la rentabilit\u00e9.<\/p>\n\n\n\n<p><strong>Ensemble, donnons vie \u00e0 vos projets les plus ambitieux.<\/strong><\/p>\n","protected":false},"excerpt":{"rendered":"<p>Chaque projet est une opportunit\u00e9 unique de cr\u00e9er de la valeur, d\u2019innover et de faire avancer votre organisation. Mais pour [&hellip;]<\/p>\n","protected":false},"author":1,"featured_media":0,"parent":0,"menu_order":0,"comment_status":"closed","ping_status":"closed","template":"","meta":{"site-sidebar-layout":"default","site-content-layout":"","ast-site-content-layout":"","site-content-style":"default","site-sidebar-style":"default","ast-global-header-display":"","ast-banner-title-visibility":"","ast-main-header-display":"","ast-hfb-above-header-display":"","ast-hfb-below-header-display":"","ast-hfb-mobile-header-display":"","site-post-title":"","ast-breadcrumbs-content":"","ast-featured-img":"","footer-sml-layout":"","theme-transparent-header-meta":"","adv-header-id-meta":"","stick-header-meta":"","header-above-stick-meta":"","header-main-stick-meta":"","header-below-stick-meta":"","astra-migrate-meta-layouts":"default","ast-page-background-enabled":"default","ast-page-background-meta":{"desktop":{"background-color":"var(--ast-global-color-5)","background-image":"","background-repeat":"repeat","background-position":"center center","background-size":"auto","background-attachment":"scroll","background-type":"","background-media":"","overlay-type":"","overlay-color":"","overlay-opacity":"","overlay-gradient":""},"tablet":{"background-color":"","background-image":"","background-repeat":"repeat","background-position":"center center","background-size":"auto","background-attachment":"scroll","background-type":"","background-media":"","overlay-type":"","overlay-color":"","overlay-opacity":"","overlay-gradient":""},"mobile":{"background-color":"","background-image":"","background-repeat":"repeat","background-position":"center center","background-size":"auto","background-attachment":"scroll","background-type":"","background-media":"","overlay-type":"","overlay-color":"","overlay-opacity":"","overlay-gradient":""}},"ast-content-background-meta":{"desktop":{"background-color":"var(--ast-global-color-4)","background-image":"","background-repeat":"repeat","background-position":"center center","background-size":"auto","background-attachment":"scroll","background-type":"","background-media":"","overlay-type":"","overlay-color":"","overlay-opacity":"","overlay-gradient":""},"tablet":{"background-color":"var(--ast-global-color-4)","background-image":"","background-repeat":"repeat","background-position":"center center","background-size":"auto","background-attachment":"scroll","background-type":"","background-media":"","overlay-type":"","overlay-color":"","overlay-opacity":"","overlay-gradient":""},"mobile":{"background-color":"var(--ast-global-color-4)","background-image":"","background-repeat":"repeat","background-position":"center center","background-size":"auto","background-attachment":"scroll","background-type":"","background-media":"","overlay-type":"","overlay-color":"","overlay-opacity":"","overlay-gradient":""}},"footnotes":""},"class_list":["post-114","page","type-page","status-publish","hentry"],"_links":{"self":[{"href":"https:\/\/clostrategies.com\/index.php\/wp-json\/wp\/v2\/pages\/114","targetHints":{"allow":["GET"]}}],"collection":[{"href":"https:\/\/clostrategies.com\/index.php\/wp-json\/wp\/v2\/pages"}],"about":[{"href":"https:\/\/clostrategies.com\/index.php\/wp-json\/wp\/v2\/types\/page"}],"author":[{"embeddable":true,"href":"https:\/\/clostrategies.com\/index.php\/wp-json\/wp\/v2\/users\/1"}],"replies":[{"embeddable":true,"href":"https:\/\/clostrategies.com\/index.php\/wp-json\/wp\/v2\/comments?post=114"}],"version-history":[{"count":3,"href":"https:\/\/clostrategies.com\/index.php\/wp-json\/wp\/v2\/pages\/114\/revisions"}],"predecessor-version":[{"id":160,"href":"https:\/\/clostrategies.com\/index.php\/wp-json\/wp\/v2\/pages\/114\/revisions\/160"}],"wp:attachment":[{"href":"https:\/\/clostrategies.com\/index.php\/wp-json\/wp\/v2\/media?parent=114"}],"curies":[{"name":"wp","href":"https:\/\/api.w.org\/{rel}","templated":true}]}}