{"id":113,"date":"2025-01-10T22:55:23","date_gmt":"2025-01-10T21:55:23","guid":{"rendered":"https:\/\/clostrategies.com\/?page_id=113"},"modified":"2025-01-14T18:57:54","modified_gmt":"2025-01-14T17:57:54","slug":"aide-a-la-creation","status":"publish","type":"page","link":"https:\/\/clostrategies.com\/index.php\/aide-a-la-creation\/","title":{"rendered":"Aide \u00e0 la cr\u00e9ation : concr\u00e9tiser vos id\u00e9es en projets solides"},"content":{"rendered":"\n<p>Lancer une entreprise est un d\u00e9fi passionnant, mais il n\u00e9cessite une vision claire, une pr\u00e9paration minutieuse et une strat\u00e9gie efficace. Nous vous accompagnons \u00e0 chaque \u00e9tape de la cr\u00e9ation de votre entreprise, de l\u2019id\u00e9e \u00e0 sa r\u00e9alisation, en vous offrant les outils et conseils n\u00e9cessaires pour b\u00e2tir une fondation solide.<\/p>\n\n\n\n<p><strong>Nos services pour la cr\u00e9ation de votre entreprise<\/strong> :<\/p>\n\n\n\n<ul class=\"wp-block-list\">\n<li><strong>\u00c9tude de march\u00e9<\/strong> : Identifier les besoins de votre secteur, analyser vos concurrents et d\u00e9finir les opportunit\u00e9s pour positionner votre entreprise de mani\u00e8re strat\u00e9gique.<\/li>\n\n\n\n<li><strong>Business Plan et pr\u00e9visions financi\u00e8res<\/strong> : \u00c9laborer un plan d\u2019affaires robuste, d\u00e9taillant vos objectifs, strat\u00e9gies et projections financi\u00e8res pour s\u00e9duire les investisseurs et garantir une gestion saine d\u00e8s le d\u00e9part.<\/li>\n\n\n\n<li><strong>Choix du statut juridique<\/strong> : Vous orienter vers la forme juridique la plus adapt\u00e9e \u00e0 votre projet (auto-entrepreneur, SARL, SAS, etc.), en fonction de vos besoins fiscaux, sociaux et op\u00e9rationnels.<\/li>\n\n\n\n<li><strong>Strat\u00e9gie de financement<\/strong> : Identifier les sources de financement les plus adapt\u00e9es \u00e0 votre situation (pr\u00eats, subventions, investisseurs) et vous accompagner dans la recherche de fonds.<\/li>\n\n\n\n<li><strong>D\u00e9veloppement commercial et marketing<\/strong> : Cr\u00e9er une strat\u00e9gie pour attirer vos premiers clients, d\u00e9velopper votre r\u00e9seau et b\u00e2tir une pr\u00e9sence sur le march\u00e9.<\/li>\n\n\n\n<li><strong>Accompagnement op\u00e9rationnel<\/strong> : Mettre en place vos premiers outils de gestion, de comptabilit\u00e9, de communication et de d\u00e9veloppement pour garantir le bon d\u00e9marrage de votre activit\u00e9.<\/li>\n<\/ul>\n\n\n\n<p>Nous vous offrons un accompagnement personnalis\u00e9, pour vous aider \u00e0 anticiper les obstacles et maximiser vos chances de succ\u00e8s. Gr\u00e2ce \u00e0 notre expertise, vous pourrez construire une entreprise p\u00e9renne et align\u00e9e avec vos ambitions.<\/p>\n\n\n\n<p><strong>Faites le premier pas vers la r\u00e9ussite de votre projet entrepreneurial.<\/strong><\/p>\n","protected":false},"excerpt":{"rendered":"<p>Lancer une entreprise est un d\u00e9fi passionnant, mais il n\u00e9cessite une vision claire, une pr\u00e9paration minutieuse et une strat\u00e9gie efficace. [&hellip;]<\/p>\n","protected":false},"author":1,"featured_media":0,"parent":0,"menu_order":0,"comment_status":"closed","ping_status":"closed","template":"","meta":{"site-sidebar-layout":"default","site-content-layout":"","ast-site-content-layout":"","site-content-style":"default","site-sidebar-style":"default","ast-global-header-display":"","ast-banner-title-visibility":"","ast-main-header-display":"","ast-hfb-above-header-display":"","ast-hfb-below-header-display":"","ast-hfb-mobile-header-display":"","site-post-title":"","ast-breadcrumbs-content":"","ast-featured-img":"","footer-sml-layout":"","theme-transparent-header-meta":"","adv-header-id-meta":"","stick-header-meta":"","header-above-stick-meta":"","header-main-stick-meta":"","header-below-stick-meta":"","astra-migrate-meta-layouts":"default","ast-page-background-enabled":"default","ast-page-background-meta":{"desktop":{"background-color":"var(--ast-global-color-5)","background-image":"","background-repeat":"repeat","background-position":"center center","background-size":"auto","background-attachment":"scroll","background-type":"","background-media":"","overlay-type":"","overlay-color":"","overlay-opacity":"","overlay-gradient":""},"tablet":{"background-color":"","background-image":"","background-repeat":"repeat","background-position":"center center","background-size":"auto","background-attachment":"scroll","background-type":"","background-media":"","overlay-type":"","overlay-color":"","overlay-opacity":"","overlay-gradient":""},"mobile":{"background-color":"","background-image":"","background-repeat":"repeat","background-position":"center center","background-size":"auto","background-attachment":"scroll","background-type":"","background-media":"","overlay-type":"","overlay-color":"","overlay-opacity":"","overlay-gradient":""}},"ast-content-background-meta":{"desktop":{"background-color":"var(--ast-global-color-4)","background-image":"","background-repeat":"repeat","background-position":"center center","background-size":"auto","background-attachment":"scroll","background-type":"","background-media":"","overlay-type":"","overlay-color":"","overlay-opacity":"","overlay-gradient":""},"tablet":{"background-color":"var(--ast-global-color-4)","background-image":"","background-repeat":"repeat","background-position":"center center","background-size":"auto","background-attachment":"scroll","background-type":"","background-media":"","overlay-type":"","overlay-color":"","overlay-opacity":"","overlay-gradient":""},"mobile":{"background-color":"var(--ast-global-color-4)","background-image":"","background-repeat":"repeat","background-position":"center center","background-size":"auto","background-attachment":"scroll","background-type":"","background-media":"","overlay-type":"","overlay-color":"","overlay-opacity":"","overlay-gradient":""}},"footnotes":""},"class_list":["post-113","page","type-page","status-publish","hentry"],"_links":{"self":[{"href":"https:\/\/clostrategies.com\/index.php\/wp-json\/wp\/v2\/pages\/113","targetHints":{"allow":["GET"]}}],"collection":[{"href":"https:\/\/clostrategies.com\/index.php\/wp-json\/wp\/v2\/pages"}],"about":[{"href":"https:\/\/clostrategies.com\/index.php\/wp-json\/wp\/v2\/types\/page"}],"author":[{"embeddable":true,"href":"https:\/\/clostrategies.com\/index.php\/wp-json\/wp\/v2\/users\/1"}],"replies":[{"embeddable":true,"href":"https:\/\/clostrategies.com\/index.php\/wp-json\/wp\/v2\/comments?post=113"}],"version-history":[{"count":6,"href":"https:\/\/clostrategies.com\/index.php\/wp-json\/wp\/v2\/pages\/113\/revisions"}],"predecessor-version":[{"id":159,"href":"https:\/\/clostrategies.com\/index.php\/wp-json\/wp\/v2\/pages\/113\/revisions\/159"}],"wp:attachment":[{"href":"https:\/\/clostrategies.com\/index.php\/wp-json\/wp\/v2\/media?parent=113"}],"curies":[{"name":"wp","href":"https:\/\/api.w.org\/{rel}","templated":true}]}}