{"id":112,"date":"2025-01-10T22:55:23","date_gmt":"2025-01-10T21:55:23","guid":{"rendered":"https:\/\/clostrategies.com\/?page_id=112"},"modified":"2025-04-16T20:29:35","modified_gmt":"2025-04-16T18:29:35","slug":"projets-interculturels","status":"publish","type":"page","link":"https:\/\/clostrategies.com\/index.php\/projets-interculturels\/","title":{"rendered":"Projets interculturels"},"content":{"rendered":"\n<div style=\"height:25px\" aria-hidden=\"true\" class=\"wp-block-spacer\"><\/div>\n\n\n\n<h1 class=\"wp-block-heading has-text-align-center\">Projets interculturels : ouvrir de nouvelles perspectives<\/h1>\n\n\n\n<figure class=\"wp-block-image aligncenter size-full is-resized\"><img loading=\"lazy\" decoding=\"async\" width=\"600\" height=\"200\" src=\"https:\/\/clostrategies.com\/wp-content\/uploads\/2025\/01\/Banniere-sites-asso-clos-projetsinterculturels.png\" alt=\"\" class=\"wp-image-152\" style=\"width:754px;height:auto\" srcset=\"https:\/\/clostrategies.com\/wp-content\/uploads\/2025\/01\/Banniere-sites-asso-clos-projetsinterculturels.png 600w, https:\/\/clostrategies.com\/wp-content\/uploads\/2025\/01\/Banniere-sites-asso-clos-projetsinterculturels-300x100.png 300w\" sizes=\"auto, (max-width: 600px) 100vw, 600px\" \/><\/figure>\n\n\n\n<p>Envie de conqu\u00e9rir un nouveau march\u00e9 \u00e0 l\u2019export ? D\u2019int\u00e9grer un collaborateur \u00e9tranger dans votre \u00e9quipe ? De mieux g\u00e9rer les diff\u00e9rences culturelles pour optimiser la collaboration ? De renforcer la coh\u00e9sion et la performance dans un environnement multiculturel ? Ou encore de d\u00e9velopper une strat\u00e9gie internationale adapt\u00e9e \u00e0 vos ambitions globales ? Pourquoi ne pas faire des diff\u00e9rences culturelles un levier d\u2019innovation et de croissance ? Nous avons les solutions sur mesure pour vos ambitions.<\/p>\n\n\n\n<p>Les voyages ne sont pas seulement des opportunit\u00e9s de d\u00e9couverte : ils ouvrent des perspectives in\u00e9dites et renforcent les liens humains. Nous avons constat\u00e9 leur impact positif sur la coh\u00e9sion d\u2019\u00e9quipe, la cr\u00e9ativit\u00e9 et la performance au sein des entreprises.<\/p>\n\n\n\n<p>Gr\u00e2ce \u00e0 notre expertise en interculturalit\u00e9, nous concevons des projets qui transforment les d\u00e9fis culturels en opportunit\u00e9s. Ces projets, adapt\u00e9s aux besoins sp\u00e9cifiques des entreprises et des individus, favorisent l\u2019ouverture d\u2019esprit, renforcent la coop\u00e9ration et stimulent l\u2019innovation.<\/p>\n\n\n\n<p>Au sein des entreprises, nos projets interculturels permettent d\u2019accompagner des initiatives strat\u00e9giques et op\u00e9rationnelles, telles que :<\/p>\n\n\n\n<ul class=\"wp-block-list\">\n<li>L\u2019int\u00e9gration d\u2019un collaborateur \u00e9tranger dans une \u00e9quipe, en facilitant son adaptation et celle de ses coll\u00e8gues.<\/li>\n\n\n\n<li>La gestion des diff\u00e9rences interculturelles pour fluidifier la communication et \u00e9viter les malentendus.<\/li>\n\n\n\n<li>La d\u00e9finition d\u2019une strat\u00e9gie et d\u2019un plan d\u2019action pour conqu\u00e9rir un nouveau march\u00e9 international, en tenant compte des sp\u00e9cificit\u00e9s culturelles locales.<\/li>\n<\/ul>\n\n\n\n<p>Pour la mise en \u0153uvre de ces voyages et \u00e9v\u00e9nements, nous collaborons avec <strong><a href=\"https:\/\/closavoirs.wixsite.com\/clos\" data-type=\"link\" data-id=\"https:\/\/closavoirs.wixsite.com\/clos\">l&rsquo;association Cercle de Langues, Observations, Savoirs<\/a><\/strong>. Tandis que notre soci\u00e9t\u00e9 con\u00e7oit les solutions strat\u00e9giques et interculturelles, l\u2019association prend en charge l\u2019organisation des activit\u00e9s et des rencontres, cr\u00e9ant ainsi une exp\u00e9rience immersive et enrichissante.<\/p>\n\n\n\n<p>Ensemble, nous visons \u00e0 b\u00e2tir des ponts entre les cultures, \u00e0 encourager la collaboration internationale et \u00e0 offrir des exp\u00e9riences inoubliables qui allient apprentissage, ouverture et performance.<\/p>\n\n\n\n<p><\/p>\n","protected":false},"excerpt":{"rendered":"<p>Projets interculturels : ouvrir de nouvelles perspectives Envie de conqu\u00e9rir un nouveau march\u00e9 \u00e0 l\u2019export ? D\u2019int\u00e9grer un collaborateur \u00e9tranger [&hellip;]<\/p>\n","protected":false},"author":1,"featured_media":0,"parent":0,"menu_order":0,"comment_status":"closed","ping_status":"closed","template":"","meta":{"site-sidebar-layout":"default","site-content-layout":"","ast-site-content-layout":"","site-content-style":"default","site-sidebar-style":"default","ast-global-header-display":"","ast-banner-title-visibility":"","ast-main-header-display":"","ast-hfb-above-header-display":"","ast-hfb-below-header-display":"","ast-hfb-mobile-header-display":"","site-post-title":"disabled","ast-breadcrumbs-content":"","ast-featured-img":"","footer-sml-layout":"","theme-transparent-header-meta":"","adv-header-id-meta":"","stick-header-meta":"","header-above-stick-meta":"","header-main-stick-meta":"","header-below-stick-meta":"","astra-migrate-meta-layouts":"default","ast-page-background-enabled":"default","ast-page-background-meta":{"desktop":{"background-color":"var(--ast-global-color-5)","background-image":"","background-repeat":"repeat","background-position":"center center","background-size":"auto","background-attachment":"scroll","background-type":"","background-media":"","overlay-type":"","overlay-color":"","overlay-opacity":"","overlay-gradient":""},"tablet":{"background-color":"","background-image":"","background-repeat":"repeat","background-position":"center center","background-size":"auto","background-attachment":"scroll","background-type":"","background-media":"","overlay-type":"","overlay-color":"","overlay-opacity":"","overlay-gradient":""},"mobile":{"background-color":"","background-image":"","background-repeat":"repeat","background-position":"center center","background-size":"auto","background-attachment":"scroll","background-type":"","background-media":"","overlay-type":"","overlay-color":"","overlay-opacity":"","overlay-gradient":""}},"ast-content-background-meta":{"desktop":{"background-color":"var(--ast-global-color-4)","background-image":"","background-repeat":"repeat","background-position":"center center","background-size":"auto","background-attachment":"scroll","background-type":"","background-media":"","overlay-type":"","overlay-color":"","overlay-opacity":"","overlay-gradient":""},"tablet":{"background-color":"var(--ast-global-color-4)","background-image":"","background-repeat":"repeat","background-position":"center center","background-size":"auto","background-attachment":"scroll","background-type":"","background-media":"","overlay-type":"","overlay-color":"","overlay-opacity":"","overlay-gradient":""},"mobile":{"background-color":"var(--ast-global-color-4)","background-image":"","background-repeat":"repeat","background-position":"center center","background-size":"auto","background-attachment":"scroll","background-type":"","background-media":"","overlay-type":"","overlay-color":"","overlay-opacity":"","overlay-gradient":""}},"footnotes":""},"class_list":["post-112","page","type-page","status-publish","hentry"],"_links":{"self":[{"href":"https:\/\/clostrategies.com\/index.php\/wp-json\/wp\/v2\/pages\/112","targetHints":{"allow":["GET"]}}],"collection":[{"href":"https:\/\/clostrategies.com\/index.php\/wp-json\/wp\/v2\/pages"}],"about":[{"href":"https:\/\/clostrategies.com\/index.php\/wp-json\/wp\/v2\/types\/page"}],"author":[{"embeddable":true,"href":"https:\/\/clostrategies.com\/index.php\/wp-json\/wp\/v2\/users\/1"}],"replies":[{"embeddable":true,"href":"https:\/\/clostrategies.com\/index.php\/wp-json\/wp\/v2\/comments?post=112"}],"version-history":[{"count":11,"href":"https:\/\/clostrategies.com\/index.php\/wp-json\/wp\/v2\/pages\/112\/revisions"}],"predecessor-version":[{"id":229,"href":"https:\/\/clostrategies.com\/index.php\/wp-json\/wp\/v2\/pages\/112\/revisions\/229"}],"wp:attachment":[{"href":"https:\/\/clostrategies.com\/index.php\/wp-json\/wp\/v2\/media?parent=112"}],"curies":[{"name":"wp","href":"https:\/\/api.w.org\/{rel}","templated":true}]}}