{"id":111,"date":"2025-01-10T22:55:23","date_gmt":"2025-01-10T21:55:23","guid":{"rendered":"https:\/\/clostrategies.com\/?page_id=111"},"modified":"2025-04-12T18:03:55","modified_gmt":"2025-04-12T16:03:55","slug":"strategies","status":"publish","type":"page","link":"https:\/\/clostrategies.com\/index.php\/strategies\/","title":{"rendered":"Strat\u00e9gies d\u2019entreprise : une vision claire pour des r\u00e9sultats concrets"},"content":{"rendered":"\n<p>Naviguer dans un environnement \u00e9conomique en constante \u00e9volution exige des d\u00e9cisions strat\u00e9giques pr\u00e9cises et adapt\u00e9es. Nous accompagnons les entreprises dans la d\u00e9finition, la mise en \u0153uvre et l\u2019optimisation de leur strat\u00e9gie pour atteindre leurs objectifs avec efficacit\u00e9.<\/p>\n\n\n\n<p><strong>NOS OFFRES : <\/strong><\/p>\n\n\n\n<p class=\"has-large-font-size\"><strong>BOOST360 &#8211; Reboot strat\u00e9gique pour entrepreneurs en stagnation<\/strong><\/p>\n\n\n\n<figure class=\"wp-block-gallery has-nested-images columns-default is-cropped wp-block-gallery-1 is-layout-flex wp-block-gallery-is-layout-flex\">\n<figure class=\"wp-block-image size-large\"><img loading=\"lazy\" decoding=\"async\" width=\"1024\" height=\"1024\" data-id=\"220\" src=\"https:\/\/clostrategies.com\/wp-content\/uploads\/2025\/04\/BOOST1-1024x1024.png\" alt=\"\" class=\"wp-image-220\" srcset=\"https:\/\/clostrategies.com\/wp-content\/uploads\/2025\/04\/BOOST1-1024x1024.png 1024w, https:\/\/clostrategies.com\/wp-content\/uploads\/2025\/04\/BOOST1-300x300.png 300w, https:\/\/clostrategies.com\/wp-content\/uploads\/2025\/04\/BOOST1-150x150.png 150w, https:\/\/clostrategies.com\/wp-content\/uploads\/2025\/04\/BOOST1-768x768.png 768w, https:\/\/clostrategies.com\/wp-content\/uploads\/2025\/04\/BOOST1.png 1080w\" sizes=\"auto, (max-width: 1024px) 100vw, 1024px\" \/><\/figure>\n\n\n\n<figure class=\"wp-block-image size-large\"><img loading=\"lazy\" decoding=\"async\" width=\"1024\" height=\"1024\" data-id=\"221\" src=\"https:\/\/clostrategies.com\/wp-content\/uploads\/2025\/04\/BOOST2-1024x1024.png\" alt=\"\" class=\"wp-image-221\" srcset=\"https:\/\/clostrategies.com\/wp-content\/uploads\/2025\/04\/BOOST2-1024x1024.png 1024w, https:\/\/clostrategies.com\/wp-content\/uploads\/2025\/04\/BOOST2-300x300.png 300w, https:\/\/clostrategies.com\/wp-content\/uploads\/2025\/04\/BOOST2-150x150.png 150w, https:\/\/clostrategies.com\/wp-content\/uploads\/2025\/04\/BOOST2-768x768.png 768w, https:\/\/clostrategies.com\/wp-content\/uploads\/2025\/04\/BOOST2.png 1080w\" sizes=\"auto, (max-width: 1024px) 100vw, 1024px\" \/><\/figure>\n\n\n\n<figure class=\"wp-block-image size-large\"><img loading=\"lazy\" decoding=\"async\" width=\"1024\" height=\"1024\" data-id=\"222\" src=\"https:\/\/clostrategies.com\/wp-content\/uploads\/2025\/04\/BOOST3-1024x1024.png\" alt=\"\" class=\"wp-image-222\" srcset=\"https:\/\/clostrategies.com\/wp-content\/uploads\/2025\/04\/BOOST3-1024x1024.png 1024w, https:\/\/clostrategies.com\/wp-content\/uploads\/2025\/04\/BOOST3-300x300.png 300w, https:\/\/clostrategies.com\/wp-content\/uploads\/2025\/04\/BOOST3-150x150.png 150w, https:\/\/clostrategies.com\/wp-content\/uploads\/2025\/04\/BOOST3-768x768.png 768w, https:\/\/clostrategies.com\/wp-content\/uploads\/2025\/04\/BOOST3.png 1080w\" sizes=\"auto, (max-width: 1024px) 100vw, 1024px\" \/><\/figure>\n<\/figure>\n\n\n\n<h2 class=\"wp-block-heading\">\ud83d\udca5 <strong>BOOST360 &#8211; Relance Express : L&rsquo;acc\u00e9l\u00e9rateur de succ\u00e8s pour entrepreneurs pr\u00eats \u00e0 tout casser<\/strong><\/h2>\n\n\n\n<h3 class=\"wp-block-heading\">\ud83c\udfaf <strong>Ce qui diff\u00e9rencie BOOST360<\/strong><\/h3>\n\n\n\n<p>Plut\u00f4t qu\u2019un audit long, <strong>BOOST360<\/strong> devient un <strong>programme d&rsquo;action intensif de 5 jours<\/strong>. L&rsquo;objectif ? Offrir un <strong>coup de boost imm\u00e9diat<\/strong>, concentr\u00e9 sur <strong>l&rsquo;action rapide<\/strong>, avec des r\u00e9sultats concrets \u00e0 la fin de chaque journ\u00e9e. Ce programme va permettre \u00e0 l&rsquo;entrepreneur de sortir de la stagnation, de passer \u00e0 l\u2019action, de red\u00e9finir sa strat\u00e9gie et de relancer son business \u00e0 toute vitesse.<\/p>\n\n\n\n<p>Vous sentez que vous stagnez, que votre business ne r\u00e9pond plus comme avant ?<br>L\u2019impression de faire plein de choses\u2026 sans r\u00e9sultats concrets ?<\/p>\n\n\n\n<p>Ce que vous traversez est <strong>normal<\/strong>.<br>Et il existe un moyen simple d\u2019en sortir : <strong>un reboot strat\u00e9gique<\/strong>.<\/p>\n\n\n\n<p>C\u2019est exactement ce que propose <strong>BOOST360<\/strong> :<br>Un programme express con\u00e7u pour les entrepreneurs en stagnation.<\/p>\n\n\n\n<p>En <strong>5 jours<\/strong>, vous repartez avec :<br>\u2714\ufe0f Une vision claire<br>\u2714\ufe0f Un plan d\u2019action concret<br>\u2714\ufe0f Des outils<br>\u2714\ufe0f Un regain d\u2019\u00e9nergie pour relancer votre activit\u00e9<\/p>\n\n\n\n<p>\u2705 <strong>Pour qui ?<\/strong> Entrepreneurs, freelances, ind\u00e9pendants<br>\u2705 <strong>Quand ?<\/strong> D\u00e8s maintenant<br>\u2705 <strong>Comment ?<\/strong> Vous r\u00e9servez \u00e0 mathilde@clostrategies.com , <strong>nous vous appelons<\/strong>, et ensemble, on lance votre reboot.<\/p>\n\n\n\n<p><strong>Nos domaines d\u2019intervention<\/strong> :<\/p>\n\n\n\n<ul class=\"wp-block-list\">\n<li><strong>Analyse strat\u00e9gique<\/strong> : Comprendre vos forces, vos faiblesses et les opportunit\u00e9s de votre march\u00e9 pour \u00e9laborer une vision ambitieuse mais r\u00e9aliste.<\/li>\n\n\n\n<li><strong>D\u00e9veloppement commercial<\/strong> : Identifier de nouveaux segments, optimiser vos offres, et conqu\u00e9rir des march\u00e9s \u00e0 fort potentiel, en local comme \u00e0 l\u2019international.<\/li>\n\n\n\n<li><strong>Transformation organisationnelle<\/strong> : Mettre en place des solutions innovantes pour fluidifier vos processus, am\u00e9liorer votre communication interne et favoriser l\u2019agilit\u00e9 de vos \u00e9quipes.<\/li>\n\n\n\n<li><strong>Strat\u00e9gies de marque et positionnement<\/strong> : Construire une image forte, coh\u00e9rente et align\u00e9e avec vos valeurs pour capter l\u2019attention de vos clients.<\/li>\n\n\n\n<li><strong>Gestion des risques<\/strong> : Anticiper les d\u00e9fis et transformer les contraintes en opportunit\u00e9s strat\u00e9giques.<\/li>\n<\/ul>\n\n\n\n<p>Nous travaillons main dans la main avec vos \u00e9quipes pour d\u00e9velopper des solutions sur mesure, adapt\u00e9es \u00e0 vos enjeux sp\u00e9cifiques et aux exigences de votre secteur. Que vous soyez une start-up ambitieuse ou une entreprise bien \u00e9tablie, nous vous aidons \u00e0 franchir vos prochaines \u00e9tapes avec succ\u00e8s.<\/p>\n\n\n\n<p><strong>Faites de votre strat\u00e9gie un levier de performance durable.<\/strong><\/p>\n\n\n\n<p><\/p>\n","protected":false},"excerpt":{"rendered":"<p>Naviguer dans un environnement \u00e9conomique en constante \u00e9volution exige des d\u00e9cisions strat\u00e9giques pr\u00e9cises et adapt\u00e9es. Nous accompagnons les entreprises dans [&hellip;]<\/p>\n","protected":false},"author":1,"featured_media":0,"parent":0,"menu_order":0,"comment_status":"closed","ping_status":"closed","template":"","meta":{"site-sidebar-layout":"default","site-content-layout":"","ast-site-content-layout":"","site-content-style":"default","site-sidebar-style":"default","ast-global-header-display":"","ast-banner-title-visibility":"","ast-main-header-display":"","ast-hfb-above-header-display":"","ast-hfb-below-header-display":"","ast-hfb-mobile-header-display":"","site-post-title":"","ast-breadcrumbs-content":"","ast-featured-img":"","footer-sml-layout":"","theme-transparent-header-meta":"","adv-header-id-meta":"","stick-header-meta":"","header-above-stick-meta":"","header-main-stick-meta":"","header-below-stick-meta":"","astra-migrate-meta-layouts":"default","ast-page-background-enabled":"default","ast-page-background-meta":{"desktop":{"background-color":"var(--ast-global-color-5)","background-image":"","background-repeat":"repeat","background-position":"center center","background-size":"auto","background-attachment":"scroll","background-type":"","background-media":"","overlay-type":"","overlay-color":"","overlay-opacity":"","overlay-gradient":""},"tablet":{"background-color":"","background-image":"","background-repeat":"repeat","background-position":"center center","background-size":"auto","background-attachment":"scroll","background-type":"","background-media":"","overlay-type":"","overlay-color":"","overlay-opacity":"","overlay-gradient":""},"mobile":{"background-color":"","background-image":"","background-repeat":"repeat","background-position":"center center","background-size":"auto","background-attachment":"scroll","background-type":"","background-media":"","overlay-type":"","overlay-color":"","overlay-opacity":"","overlay-gradient":""}},"ast-content-background-meta":{"desktop":{"background-color":"var(--ast-global-color-4)","background-image":"","background-repeat":"repeat","background-position":"center center","background-size":"auto","background-attachment":"scroll","background-type":"","background-media":"","overlay-type":"","overlay-color":"","overlay-opacity":"","overlay-gradient":""},"tablet":{"background-color":"var(--ast-global-color-4)","background-image":"","background-repeat":"repeat","background-position":"center center","background-size":"auto","background-attachment":"scroll","background-type":"","background-media":"","overlay-type":"","overlay-color":"","overlay-opacity":"","overlay-gradient":""},"mobile":{"background-color":"var(--ast-global-color-4)","background-image":"","background-repeat":"repeat","background-position":"center center","background-size":"auto","background-attachment":"scroll","background-type":"","background-media":"","overlay-type":"","overlay-color":"","overlay-opacity":"","overlay-gradient":""}},"footnotes":""},"class_list":["post-111","page","type-page","status-publish","hentry"],"_links":{"self":[{"href":"https:\/\/clostrategies.com\/index.php\/wp-json\/wp\/v2\/pages\/111","targetHints":{"allow":["GET"]}}],"collection":[{"href":"https:\/\/clostrategies.com\/index.php\/wp-json\/wp\/v2\/pages"}],"about":[{"href":"https:\/\/clostrategies.com\/index.php\/wp-json\/wp\/v2\/types\/page"}],"author":[{"embeddable":true,"href":"https:\/\/clostrategies.com\/index.php\/wp-json\/wp\/v2\/users\/1"}],"replies":[{"embeddable":true,"href":"https:\/\/clostrategies.com\/index.php\/wp-json\/wp\/v2\/comments?post=111"}],"version-history":[{"count":5,"href":"https:\/\/clostrategies.com\/index.php\/wp-json\/wp\/v2\/pages\/111\/revisions"}],"predecessor-version":[{"id":224,"href":"https:\/\/clostrategies.com\/index.php\/wp-json\/wp\/v2\/pages\/111\/revisions\/224"}],"wp:attachment":[{"href":"https:\/\/clostrategies.com\/index.php\/wp-json\/wp\/v2\/media?parent=111"}],"curies":[{"name":"wp","href":"https:\/\/api.w.org\/{rel}","templated":true}]}}